{"id":1934,"date":"2022-10-17T14:35:04","date_gmt":"2022-10-17T14:35:04","guid":{"rendered":"https:\/\/auxiplast.com\/?post_type=product&#038;p=1934"},"modified":"2023-04-13T22:17:19","modified_gmt":"2023-04-13T22:17:19","slug":"systeme-mesure-tuyaux-ultrason","status":"publish","type":"product","link":"https:\/\/auxiplast.com\/en\/product\/systeme-mesure-tuyaux-ultrason\/","title":{"rendered":"Syst\u00e8me de mesure de tuyaux par ultrason"},"content":{"rendered":"<p>Dans le domaine de la technologie ultrasonique, Inoex GmbH propose une technologie \u00e9prouv\u00e9e pour la mesure de l\u2019\u00e9paisseur et du diam\u00e8tre des parois sous la marque AUREX.<\/p>\n<p>AUREX est la r\u00e9ponse \u00e0 presque toutes les t\u00e2ches de mesure, de contr\u00f4le ou de documentation pour les tubes. Fonctionnel sur les tubes mono ou multicouches. Les demandes sp\u00e9cifiques du client ou les caract\u00e9ristiques sp\u00e9cifiques du produit et du processus sont toutes couvertes par cette technologie d\u2019automatisation.<\/p>\n<p>&nbsp;<\/p>","protected":false},"excerpt":{"rendered":"<p>Dans le domaine de la technologie ultrasonique, Inoex GmbH propose une technologie \u00e9prouv\u00e9e pour la mesure de l\u2019\u00e9paisseur et du diam\u00e8tre des parois sous la marque AUREX.<\/p>\n<p>AUREX est la r\u00e9ponse \u00e0 presque toutes les t\u00e2ches de mesure, de contr\u00f4le ou de documentation pour les tubes. Fonctionnel sur les tubes mono ou multicouches. Les demandes sp\u00e9cifiques du client ou les caract\u00e9ristiques sp\u00e9cifiques du produit et du processus sont toutes couvertes par cette technologie d\u2019automatisation.<\/p>\n<p>&nbsp;<\/p>","protected":false},"featured_media":1936,"comment_status":"open","ping_status":"closed","template":"","meta":[],"product_brand":[],"product_cat":[32],"product_tag":[],"class_list":{"0":"post-1934","1":"product","2":"type-product","3":"status-publish","4":"has-post-thumbnail","6":"product_cat-inoex","8":"first","9":"instock","10":"taxable","11":"shipping-taxable","12":"product-type-simple"},"yoast_head":"<!-- This site is optimized with the Yoast SEO plugin v27.4 - https:\/\/yoast.com\/product\/yoast-seo-wordpress\/ -->\n<title>Syst\u00e8me de mesure de tuyaux par ultrason &#8212; AuxiPlast - Sp\u00e9cialiste Industrie Plastique<\/title>\n<meta name=\"description\" content=\"Inoex propose un syst\u00e8me de mesure de tuyaux par ultrason pour les usines de plastique du Canada.\" \/>\n<meta name=\"robots\" content=\"index, follow, max-snippet:-1, max-image-preview:large, max-video-preview:-1\" \/>\n<link rel=\"canonical\" href=\"https:\/\/auxiplast.com\/en\/product\/systeme-mesure-tuyaux-ultrason\/\" \/>\n<meta property=\"og:locale\" content=\"en_US\" \/>\n<meta property=\"og:type\" content=\"article\" \/>\n<meta property=\"og:title\" content=\"Syst\u00e8me de mesure de tuyaux par ultrason &#8212; AuxiPlast - Sp\u00e9cialiste Industrie Plastique\" \/>\n<meta property=\"og:description\" content=\"Inoex propose un syst\u00e8me de mesure de tuyaux par ultrason pour les usines de plastique du Canada.\" \/>\n<meta property=\"og:url\" content=\"https:\/\/auxiplast.com\/en\/product\/systeme-mesure-tuyaux-ultrason\/\" \/>\n<meta property=\"og:site_name\" content=\"AuxiPlast - Sp\u00e9cialiste Industrie Plastique\" \/>\n<meta property=\"article:publisher\" content=\"https:\/\/www.facebook.com\/Auxiplast\" \/>\n<meta property=\"article:modified_time\" content=\"2023-04-13T22:17:19+00:00\" \/>\n<meta property=\"og:image\" content=\"https:\/\/auxiplast.com\/wp-content\/uploads\/2022\/10\/Group-20-2.jpg\" \/>\n\t<meta property=\"og:image:width\" content=\"564\" \/>\n\t<meta property=\"og:image:height\" content=\"564\" \/>\n\t<meta property=\"og:image:type\" content=\"image\/jpeg\" \/>\n<meta name=\"twitter:card\" content=\"summary_large_image\" \/>\n<meta name=\"twitter:label1\" content=\"Est. reading time\" \/>\n\t<meta name=\"twitter:data1\" content=\"1 minute\" \/>\n<script type=\"application\/ld+json\" class=\"yoast-schema-graph\">{\"@context\":\"https:\\\/\\\/schema.org\",\"@graph\":[{\"@type\":\"WebPage\",\"@id\":\"https:\\\/\\\/auxiplast.com\\\/product\\\/systeme-mesure-tuyaux-ultrason\\\/\",\"url\":\"https:\\\/\\\/auxiplast.com\\\/product\\\/systeme-mesure-tuyaux-ultrason\\\/\",\"name\":\"Syst\u00e8me de mesure de tuyaux par ultrason &#8212; AuxiPlast - Sp\u00e9cialiste Industrie Plastique\",\"isPartOf\":{\"@id\":\"https:\\\/\\\/auxiplast.com\\\/#website\"},\"primaryImageOfPage\":{\"@id\":\"https:\\\/\\\/auxiplast.com\\\/product\\\/systeme-mesure-tuyaux-ultrason\\\/#primaryimage\"},\"image\":{\"@id\":\"https:\\\/\\\/auxiplast.com\\\/product\\\/systeme-mesure-tuyaux-ultrason\\\/#primaryimage\"},\"thumbnailUrl\":\"https:\\\/\\\/auxiplast.com\\\/wp-content\\\/uploads\\\/2022\\\/10\\\/Group-20-2.jpg\",\"datePublished\":\"2022-10-17T14:35:04+00:00\",\"dateModified\":\"2023-04-13T22:17:19+00:00\",\"description\":\"Inoex propose un syst\u00e8me de mesure de tuyaux par ultrason pour les usines de plastique du Canada.\",\"breadcrumb\":{\"@id\":\"https:\\\/\\\/auxiplast.com\\\/product\\\/systeme-mesure-tuyaux-ultrason\\\/#breadcrumb\"},\"inLanguage\":\"en-CA\",\"potentialAction\":[{\"@type\":\"ReadAction\",\"target\":[\"https:\\\/\\\/auxiplast.com\\\/product\\\/systeme-mesure-tuyaux-ultrason\\\/\"]}]},{\"@type\":\"ImageObject\",\"inLanguage\":\"en-CA\",\"@id\":\"https:\\\/\\\/auxiplast.com\\\/product\\\/systeme-mesure-tuyaux-ultrason\\\/#primaryimage\",\"url\":\"https:\\\/\\\/auxiplast.com\\\/wp-content\\\/uploads\\\/2022\\\/10\\\/Group-20-2.jpg\",\"contentUrl\":\"https:\\\/\\\/auxiplast.com\\\/wp-content\\\/uploads\\\/2022\\\/10\\\/Group-20-2.jpg\",\"width\":564,\"height\":564},{\"@type\":\"BreadcrumbList\",\"@id\":\"https:\\\/\\\/auxiplast.com\\\/product\\\/systeme-mesure-tuyaux-ultrason\\\/#breadcrumb\",\"itemListElement\":[{\"@type\":\"ListItem\",\"position\":1,\"name\":\"Accueil\",\"item\":\"https:\\\/\\\/auxiplast.com\\\/\"},{\"@type\":\"ListItem\",\"position\":2,\"name\":\"Boutique\",\"item\":\"https:\\\/\\\/auxiplast.com\\\/boutique\\\/\"},{\"@type\":\"ListItem\",\"position\":3,\"name\":\"Syst\u00e8me de mesure de tuyaux par ultrason\"}]},{\"@type\":\"WebSite\",\"@id\":\"https:\\\/\\\/auxiplast.com\\\/#website\",\"url\":\"https:\\\/\\\/auxiplast.com\\\/\",\"name\":\"Auxiplast - Agent manufacturier Industrie plastique\",\"description\":\"Vente et entretien d&#039;\u00e9quipements et pi\u00e8ces pour usine plastique\",\"publisher\":{\"@id\":\"https:\\\/\\\/auxiplast.com\\\/#organization\"},\"potentialAction\":[{\"@type\":\"SearchAction\",\"target\":{\"@type\":\"EntryPoint\",\"urlTemplate\":\"https:\\\/\\\/auxiplast.com\\\/?s={search_term_string}\"},\"query-input\":{\"@type\":\"PropertyValueSpecification\",\"valueRequired\":true,\"valueName\":\"search_term_string\"}}],\"inLanguage\":\"en-CA\"},{\"@type\":\"Organization\",\"@id\":\"https:\\\/\\\/auxiplast.com\\\/#organization\",\"name\":\"Auxiplast - Agent manufacturier Industrie plastique\",\"url\":\"https:\\\/\\\/auxiplast.com\\\/\",\"logo\":{\"@type\":\"ImageObject\",\"inLanguage\":\"en-CA\",\"@id\":\"https:\\\/\\\/auxiplast.com\\\/#\\\/schema\\\/logo\\\/image\\\/\",\"url\":\"https:\\\/\\\/auxiplast.com\\\/wp-content\\\/uploads\\\/2023\\\/02\\\/Logo_Auxiplast_Couleur-scaled.jpg\",\"contentUrl\":\"https:\\\/\\\/auxiplast.com\\\/wp-content\\\/uploads\\\/2023\\\/02\\\/Logo_Auxiplast_Couleur-scaled.jpg\",\"width\":2560,\"height\":1125,\"caption\":\"Auxiplast - Agent manufacturier Industrie plastique\"},\"image\":{\"@id\":\"https:\\\/\\\/auxiplast.com\\\/#\\\/schema\\\/logo\\\/image\\\/\"},\"sameAs\":[\"https:\\\/\\\/www.facebook.com\\\/Auxiplast\",\"https:\\\/\\\/www.linkedin.com\\\/company\\\/auxiplast-inc\",\"https:\\\/\\\/www.youtube.com\\\/@Auxiplast\"]}]}<\/script>\n<!-- \/ Yoast SEO plugin. -->","yoast_head_json":{"title":"Syst\u00e8me de mesure de tuyaux par ultrason &#8212; AuxiPlast - Sp\u00e9cialiste Industrie Plastique","description":"Inoex propose un syst\u00e8me de mesure de tuyaux par ultrason pour les usines de plastique du Canada.","robots":{"index":"index","follow":"follow","max-snippet":"max-snippet:-1","max-image-preview":"max-image-preview:large","max-video-preview":"max-video-preview:-1"},"canonical":"https:\/\/auxiplast.com\/en\/product\/systeme-mesure-tuyaux-ultrason\/","og_locale":"en_US","og_type":"article","og_title":"Syst\u00e8me de mesure de tuyaux par ultrason &#8212; AuxiPlast - Sp\u00e9cialiste Industrie Plastique","og_description":"Inoex propose un syst\u00e8me de mesure de tuyaux par ultrason pour les usines de plastique du Canada.","og_url":"https:\/\/auxiplast.com\/en\/product\/systeme-mesure-tuyaux-ultrason\/","og_site_name":"AuxiPlast - Sp\u00e9cialiste Industrie Plastique","article_publisher":"https:\/\/www.facebook.com\/Auxiplast","article_modified_time":"2023-04-13T22:17:19+00:00","og_image":[{"width":564,"height":564,"url":"https:\/\/auxiplast.com\/wp-content\/uploads\/2022\/10\/Group-20-2.jpg","type":"image\/jpeg"}],"twitter_card":"summary_large_image","twitter_misc":{"Est. reading time":"1 minute"},"schema":{"@context":"https:\/\/schema.org","@graph":[{"@type":"WebPage","@id":"https:\/\/auxiplast.com\/product\/systeme-mesure-tuyaux-ultrason\/","url":"https:\/\/auxiplast.com\/product\/systeme-mesure-tuyaux-ultrason\/","name":"Syst\u00e8me de mesure de tuyaux par ultrason &#8212; AuxiPlast - Sp\u00e9cialiste Industrie Plastique","isPartOf":{"@id":"https:\/\/auxiplast.com\/#website"},"primaryImageOfPage":{"@id":"https:\/\/auxiplast.com\/product\/systeme-mesure-tuyaux-ultrason\/#primaryimage"},"image":{"@id":"https:\/\/auxiplast.com\/product\/systeme-mesure-tuyaux-ultrason\/#primaryimage"},"thumbnailUrl":"https:\/\/auxiplast.com\/wp-content\/uploads\/2022\/10\/Group-20-2.jpg","datePublished":"2022-10-17T14:35:04+00:00","dateModified":"2023-04-13T22:17:19+00:00","description":"Inoex propose un syst\u00e8me de mesure de tuyaux par ultrason pour les usines de plastique du Canada.","breadcrumb":{"@id":"https:\/\/auxiplast.com\/product\/systeme-mesure-tuyaux-ultrason\/#breadcrumb"},"inLanguage":"en-CA","potentialAction":[{"@type":"ReadAction","target":["https:\/\/auxiplast.com\/product\/systeme-mesure-tuyaux-ultrason\/"]}]},{"@type":"ImageObject","inLanguage":"en-CA","@id":"https:\/\/auxiplast.com\/product\/systeme-mesure-tuyaux-ultrason\/#primaryimage","url":"https:\/\/auxiplast.com\/wp-content\/uploads\/2022\/10\/Group-20-2.jpg","contentUrl":"https:\/\/auxiplast.com\/wp-content\/uploads\/2022\/10\/Group-20-2.jpg","width":564,"height":564},{"@type":"BreadcrumbList","@id":"https:\/\/auxiplast.com\/product\/systeme-mesure-tuyaux-ultrason\/#breadcrumb","itemListElement":[{"@type":"ListItem","position":1,"name":"Accueil","item":"https:\/\/auxiplast.com\/"},{"@type":"ListItem","position":2,"name":"Boutique","item":"https:\/\/auxiplast.com\/boutique\/"},{"@type":"ListItem","position":3,"name":"Syst\u00e8me de mesure de tuyaux par ultrason"}]},{"@type":"WebSite","@id":"https:\/\/auxiplast.com\/#website","url":"https:\/\/auxiplast.com\/","name":"Auxiplast - Agent manufacturier Industrie plastique","description":"Vente et entretien d&#039;\u00e9quipements et pi\u00e8ces pour usine plastique","publisher":{"@id":"https:\/\/auxiplast.com\/#organization"},"potentialAction":[{"@type":"SearchAction","target":{"@type":"EntryPoint","urlTemplate":"https:\/\/auxiplast.com\/?s={search_term_string}"},"query-input":{"@type":"PropertyValueSpecification","valueRequired":true,"valueName":"search_term_string"}}],"inLanguage":"en-CA"},{"@type":"Organization","@id":"https:\/\/auxiplast.com\/#organization","name":"Auxiplast - Agent manufacturier Industrie plastique","url":"https:\/\/auxiplast.com\/","logo":{"@type":"ImageObject","inLanguage":"en-CA","@id":"https:\/\/auxiplast.com\/#\/schema\/logo\/image\/","url":"https:\/\/auxiplast.com\/wp-content\/uploads\/2023\/02\/Logo_Auxiplast_Couleur-scaled.jpg","contentUrl":"https:\/\/auxiplast.com\/wp-content\/uploads\/2023\/02\/Logo_Auxiplast_Couleur-scaled.jpg","width":2560,"height":1125,"caption":"Auxiplast - Agent manufacturier Industrie plastique"},"image":{"@id":"https:\/\/auxiplast.com\/#\/schema\/logo\/image\/"},"sameAs":["https:\/\/www.facebook.com\/Auxiplast","https:\/\/www.linkedin.com\/company\/auxiplast-inc","https:\/\/www.youtube.com\/@Auxiplast"]}]}},"_links":{"self":[{"href":"https:\/\/auxiplast.com\/en\/wp-json\/wp\/v2\/product\/1934","targetHints":{"allow":["GET"]}}],"collection":[{"href":"https:\/\/auxiplast.com\/en\/wp-json\/wp\/v2\/product"}],"about":[{"href":"https:\/\/auxiplast.com\/en\/wp-json\/wp\/v2\/types\/product"}],"replies":[{"embeddable":true,"href":"https:\/\/auxiplast.com\/en\/wp-json\/wp\/v2\/comments?post=1934"}],"wp:featuredmedia":[{"embeddable":true,"href":"https:\/\/auxiplast.com\/en\/wp-json\/wp\/v2\/media\/1936"}],"wp:attachment":[{"href":"https:\/\/auxiplast.com\/en\/wp-json\/wp\/v2\/media?parent=1934"}],"wp:term":[{"taxonomy":"product_brand","embeddable":true,"href":"https:\/\/auxiplast.com\/en\/wp-json\/wp\/v2\/product_brand?post=1934"},{"taxonomy":"product_cat","embeddable":true,"href":"https:\/\/auxiplast.com\/en\/wp-json\/wp\/v2\/product_cat?post=1934"},{"taxonomy":"product_tag","embeddable":true,"href":"https:\/\/auxiplast.com\/en\/wp-json\/wp\/v2\/product_tag?post=1934"}],"curies":[{"name":"wp","href":"https:\/\/api.w.org\/{rel}","templated":true}]}}