{"id":1910,"date":"2022-10-17T14:11:07","date_gmt":"2022-10-17T14:11:07","guid":{"rendered":"https:\/\/auxiplast.com\/?post_type=product&#038;p=1910"},"modified":"2022-11-02T15:24:08","modified_gmt":"2022-11-02T15:24:08","slug":"systemes-quantum","status":"publish","type":"product","link":"https:\/\/auxiplast.com\/en\/product\/systemes-quantum\/","title":{"rendered":"NON-CONTACT PIPE MEASURING SYSTEMS"},"content":{"rendered":"<p><strong>QUANTUM \u2013 D\u00e9veloppement constant de la technologie Terahertz<\/strong><\/p>\n<p>En tant que pionnier dans ce domaine, iNOEX a reconnu tr\u00e8s t\u00f4t les avantages de la nouvelle technologie cl\u00e9 Terahertz et l\u2019a d\u00e9velopp\u00e9e au cours des 8 derni\u00e8res ann\u00e9es en une technologie de mesure utilisable dans les secteurs industriels. QUANTUM d\u00e9finit aujourd\u2019hui les standards de la technologie Terahertz pour le processus d\u2019extrusion de tubes.<\/p>\n<p>QUANTUM g\u00e9n\u00e8re des ondes au moyen d\u2019un laser, on obtient ainsi des fr\u00e9quences tr\u00e8s \u00e9lev\u00e9es et un spectre tr\u00e8s large. Celui-ci est donc particuli\u00e8rement adapt\u00e9 \u00e0 la mesure de couches minces et\/ou de couches multiples de tuyaux.<\/p>\n<p>Le syst\u00e8me d\u00e9tecte la position du tuyau et se centre automatiquement au moyen d\u2019une table crois\u00e9e XY. QUANTUM dispose d\u2019un capteur qui gravite autour du tuyau. La couverture du syst\u00e8me est de 360\u00b0 sur toute la circonf\u00e9rence du tuyau. Ce syst\u00e8me Terahertz de haute pr\u00e9cision fabriqu\u00e9 par iNOEX GmbH offre des \u00e9conomies de temps et de mat\u00e9riel. De plus, un accent particulier a \u00e9t\u00e9 mis sur la convivialit\u00e9.<\/p>\n<p>Bas\u00e9 sur l\u2019enregistrement complet des donn\u00e9es, un aper\u00e7u pr\u00e9cieux du processus de production est obtenu. Ces informations peuvent \u00eatre utilis\u00e9es pour augmenter l\u2019efficacit\u00e9 de la ligne d\u2019extrusion. Il en r\u00e9sulte des produits finis de haute qualit\u00e9.<\/p>\n<p>&nbsp;<\/p>","protected":false},"excerpt":{"rendered":"<p>&nbsp;<\/p>\n<p>&nbsp;<\/p>","protected":false},"featured_media":1914,"comment_status":"open","ping_status":"closed","template":"","meta":[],"product_brand":[],"product_cat":[32],"product_tag":[],"class_list":{"0":"post-1910","1":"product","2":"type-product","3":"status-publish","4":"has-post-thumbnail","6":"product_cat-inoex","8":"first","9":"instock","10":"taxable","11":"shipping-taxable","12":"product-type-simple"},"yoast_head":"<!-- This site is optimized with the Yoast SEO plugin v27.4 - https:\/\/yoast.com\/product\/yoast-seo-wordpress\/ -->\n<title>SYST\u00c8MES DE MESURE DE TUYAUX SANS CONTACT &#8212; AuxiPlast - Sp\u00e9cialiste Industrie Plastique<\/title>\n<meta name=\"robots\" content=\"index, follow, max-snippet:-1, max-image-preview:large, max-video-preview:-1\" \/>\n<link rel=\"canonical\" href=\"https:\/\/auxiplast.com\/en\/product\/systemes-quantum\/\" \/>\n<meta property=\"og:locale\" content=\"en_US\" \/>\n<meta property=\"og:type\" content=\"article\" \/>\n<meta property=\"og:title\" content=\"SYST\u00c8MES DE MESURE DE TUYAUX SANS CONTACT &#8212; AuxiPlast - Sp\u00e9cialiste Industrie Plastique\" \/>\n<meta property=\"og:description\" content=\"&nbsp;  &nbsp;\" \/>\n<meta property=\"og:url\" content=\"https:\/\/auxiplast.com\/en\/product\/systemes-quantum\/\" \/>\n<meta property=\"og:site_name\" content=\"AuxiPlast - Sp\u00e9cialiste Industrie Plastique\" \/>\n<meta property=\"article:publisher\" content=\"https:\/\/www.facebook.com\/Auxiplast\" \/>\n<meta property=\"article:modified_time\" content=\"2022-11-02T15:24:08+00:00\" \/>\n<meta property=\"og:image\" content=\"https:\/\/auxiplast.com\/wp-content\/uploads\/2022\/10\/Group-16-2.jpg\" \/>\n\t<meta property=\"og:image:width\" content=\"565\" \/>\n\t<meta property=\"og:image:height\" content=\"564\" \/>\n\t<meta property=\"og:image:type\" content=\"image\/jpeg\" \/>\n<meta name=\"twitter:card\" content=\"summary_large_image\" \/>\n<meta name=\"twitter:label1\" content=\"Est. reading time\" \/>\n\t<meta name=\"twitter:data1\" content=\"1 minute\" \/>\n<script type=\"application\/ld+json\" class=\"yoast-schema-graph\">{\"@context\":\"https:\\\/\\\/schema.org\",\"@graph\":[{\"@type\":\"WebPage\",\"@id\":\"https:\\\/\\\/auxiplast.com\\\/product\\\/systemes-quantum\\\/\",\"url\":\"https:\\\/\\\/auxiplast.com\\\/product\\\/systemes-quantum\\\/\",\"name\":\"SYST\u00c8MES DE MESURE DE TUYAUX SANS CONTACT &#8212; AuxiPlast - Sp\u00e9cialiste Industrie Plastique\",\"isPartOf\":{\"@id\":\"https:\\\/\\\/auxiplast.com\\\/#website\"},\"primaryImageOfPage\":{\"@id\":\"https:\\\/\\\/auxiplast.com\\\/product\\\/systemes-quantum\\\/#primaryimage\"},\"image\":{\"@id\":\"https:\\\/\\\/auxiplast.com\\\/product\\\/systemes-quantum\\\/#primaryimage\"},\"thumbnailUrl\":\"https:\\\/\\\/auxiplast.com\\\/wp-content\\\/uploads\\\/2022\\\/10\\\/Group-16-2.jpg\",\"datePublished\":\"2022-10-17T14:11:07+00:00\",\"dateModified\":\"2022-11-02T15:24:08+00:00\",\"breadcrumb\":{\"@id\":\"https:\\\/\\\/auxiplast.com\\\/product\\\/systemes-quantum\\\/#breadcrumb\"},\"inLanguage\":\"en-CA\",\"potentialAction\":[{\"@type\":\"ReadAction\",\"target\":[\"https:\\\/\\\/auxiplast.com\\\/product\\\/systemes-quantum\\\/\"]}]},{\"@type\":\"ImageObject\",\"inLanguage\":\"en-CA\",\"@id\":\"https:\\\/\\\/auxiplast.com\\\/product\\\/systemes-quantum\\\/#primaryimage\",\"url\":\"https:\\\/\\\/auxiplast.com\\\/wp-content\\\/uploads\\\/2022\\\/10\\\/Group-16-2.jpg\",\"contentUrl\":\"https:\\\/\\\/auxiplast.com\\\/wp-content\\\/uploads\\\/2022\\\/10\\\/Group-16-2.jpg\",\"width\":565,\"height\":564},{\"@type\":\"BreadcrumbList\",\"@id\":\"https:\\\/\\\/auxiplast.com\\\/product\\\/systemes-quantum\\\/#breadcrumb\",\"itemListElement\":[{\"@type\":\"ListItem\",\"position\":1,\"name\":\"Accueil\",\"item\":\"https:\\\/\\\/auxiplast.com\\\/\"},{\"@type\":\"ListItem\",\"position\":2,\"name\":\"Boutique\",\"item\":\"https:\\\/\\\/auxiplast.com\\\/boutique\\\/\"},{\"@type\":\"ListItem\",\"position\":3,\"name\":\"SYST\u00c8MES DE MESURE DE TUYAUX SANS CONTACT\"}]},{\"@type\":\"WebSite\",\"@id\":\"https:\\\/\\\/auxiplast.com\\\/#website\",\"url\":\"https:\\\/\\\/auxiplast.com\\\/\",\"name\":\"Auxiplast - Agent manufacturier Industrie plastique\",\"description\":\"Vente et entretien d&#039;\u00e9quipements et pi\u00e8ces pour usine plastique\",\"publisher\":{\"@id\":\"https:\\\/\\\/auxiplast.com\\\/#organization\"},\"potentialAction\":[{\"@type\":\"SearchAction\",\"target\":{\"@type\":\"EntryPoint\",\"urlTemplate\":\"https:\\\/\\\/auxiplast.com\\\/?s={search_term_string}\"},\"query-input\":{\"@type\":\"PropertyValueSpecification\",\"valueRequired\":true,\"valueName\":\"search_term_string\"}}],\"inLanguage\":\"en-CA\"},{\"@type\":\"Organization\",\"@id\":\"https:\\\/\\\/auxiplast.com\\\/#organization\",\"name\":\"Auxiplast - Agent manufacturier Industrie plastique\",\"url\":\"https:\\\/\\\/auxiplast.com\\\/\",\"logo\":{\"@type\":\"ImageObject\",\"inLanguage\":\"en-CA\",\"@id\":\"https:\\\/\\\/auxiplast.com\\\/#\\\/schema\\\/logo\\\/image\\\/\",\"url\":\"https:\\\/\\\/auxiplast.com\\\/wp-content\\\/uploads\\\/2023\\\/02\\\/Logo_Auxiplast_Couleur-scaled.jpg\",\"contentUrl\":\"https:\\\/\\\/auxiplast.com\\\/wp-content\\\/uploads\\\/2023\\\/02\\\/Logo_Auxiplast_Couleur-scaled.jpg\",\"width\":2560,\"height\":1125,\"caption\":\"Auxiplast - Agent manufacturier Industrie plastique\"},\"image\":{\"@id\":\"https:\\\/\\\/auxiplast.com\\\/#\\\/schema\\\/logo\\\/image\\\/\"},\"sameAs\":[\"https:\\\/\\\/www.facebook.com\\\/Auxiplast\",\"https:\\\/\\\/www.linkedin.com\\\/company\\\/auxiplast-inc\",\"https:\\\/\\\/www.youtube.com\\\/@Auxiplast\"]}]}<\/script>\n<!-- \/ Yoast SEO plugin. -->","yoast_head_json":{"title":"SYST\u00c8MES DE MESURE DE TUYAUX SANS CONTACT &#8212; AuxiPlast - Sp\u00e9cialiste Industrie Plastique","robots":{"index":"index","follow":"follow","max-snippet":"max-snippet:-1","max-image-preview":"max-image-preview:large","max-video-preview":"max-video-preview:-1"},"canonical":"https:\/\/auxiplast.com\/en\/product\/systemes-quantum\/","og_locale":"en_US","og_type":"article","og_title":"SYST\u00c8MES DE MESURE DE TUYAUX SANS CONTACT &#8212; AuxiPlast - Sp\u00e9cialiste Industrie Plastique","og_description":"&nbsp;  &nbsp;","og_url":"https:\/\/auxiplast.com\/en\/product\/systemes-quantum\/","og_site_name":"AuxiPlast - Sp\u00e9cialiste Industrie Plastique","article_publisher":"https:\/\/www.facebook.com\/Auxiplast","article_modified_time":"2022-11-02T15:24:08+00:00","og_image":[{"width":565,"height":564,"url":"https:\/\/auxiplast.com\/wp-content\/uploads\/2022\/10\/Group-16-2.jpg","type":"image\/jpeg"}],"twitter_card":"summary_large_image","twitter_misc":{"Est. reading time":"1 minute"},"schema":{"@context":"https:\/\/schema.org","@graph":[{"@type":"WebPage","@id":"https:\/\/auxiplast.com\/product\/systemes-quantum\/","url":"https:\/\/auxiplast.com\/product\/systemes-quantum\/","name":"SYST\u00c8MES DE MESURE DE TUYAUX SANS CONTACT &#8212; AuxiPlast - Sp\u00e9cialiste Industrie Plastique","isPartOf":{"@id":"https:\/\/auxiplast.com\/#website"},"primaryImageOfPage":{"@id":"https:\/\/auxiplast.com\/product\/systemes-quantum\/#primaryimage"},"image":{"@id":"https:\/\/auxiplast.com\/product\/systemes-quantum\/#primaryimage"},"thumbnailUrl":"https:\/\/auxiplast.com\/wp-content\/uploads\/2022\/10\/Group-16-2.jpg","datePublished":"2022-10-17T14:11:07+00:00","dateModified":"2022-11-02T15:24:08+00:00","breadcrumb":{"@id":"https:\/\/auxiplast.com\/product\/systemes-quantum\/#breadcrumb"},"inLanguage":"en-CA","potentialAction":[{"@type":"ReadAction","target":["https:\/\/auxiplast.com\/product\/systemes-quantum\/"]}]},{"@type":"ImageObject","inLanguage":"en-CA","@id":"https:\/\/auxiplast.com\/product\/systemes-quantum\/#primaryimage","url":"https:\/\/auxiplast.com\/wp-content\/uploads\/2022\/10\/Group-16-2.jpg","contentUrl":"https:\/\/auxiplast.com\/wp-content\/uploads\/2022\/10\/Group-16-2.jpg","width":565,"height":564},{"@type":"BreadcrumbList","@id":"https:\/\/auxiplast.com\/product\/systemes-quantum\/#breadcrumb","itemListElement":[{"@type":"ListItem","position":1,"name":"Accueil","item":"https:\/\/auxiplast.com\/"},{"@type":"ListItem","position":2,"name":"Boutique","item":"https:\/\/auxiplast.com\/boutique\/"},{"@type":"ListItem","position":3,"name":"SYST\u00c8MES DE MESURE DE TUYAUX SANS CONTACT"}]},{"@type":"WebSite","@id":"https:\/\/auxiplast.com\/#website","url":"https:\/\/auxiplast.com\/","name":"Auxiplast - Agent manufacturier Industrie plastique","description":"Vente et entretien d&#039;\u00e9quipements et pi\u00e8ces pour usine plastique","publisher":{"@id":"https:\/\/auxiplast.com\/#organization"},"potentialAction":[{"@type":"SearchAction","target":{"@type":"EntryPoint","urlTemplate":"https:\/\/auxiplast.com\/?s={search_term_string}"},"query-input":{"@type":"PropertyValueSpecification","valueRequired":true,"valueName":"search_term_string"}}],"inLanguage":"en-CA"},{"@type":"Organization","@id":"https:\/\/auxiplast.com\/#organization","name":"Auxiplast - Agent manufacturier Industrie plastique","url":"https:\/\/auxiplast.com\/","logo":{"@type":"ImageObject","inLanguage":"en-CA","@id":"https:\/\/auxiplast.com\/#\/schema\/logo\/image\/","url":"https:\/\/auxiplast.com\/wp-content\/uploads\/2023\/02\/Logo_Auxiplast_Couleur-scaled.jpg","contentUrl":"https:\/\/auxiplast.com\/wp-content\/uploads\/2023\/02\/Logo_Auxiplast_Couleur-scaled.jpg","width":2560,"height":1125,"caption":"Auxiplast - Agent manufacturier Industrie plastique"},"image":{"@id":"https:\/\/auxiplast.com\/#\/schema\/logo\/image\/"},"sameAs":["https:\/\/www.facebook.com\/Auxiplast","https:\/\/www.linkedin.com\/company\/auxiplast-inc","https:\/\/www.youtube.com\/@Auxiplast"]}]}},"_links":{"self":[{"href":"https:\/\/auxiplast.com\/en\/wp-json\/wp\/v2\/product\/1910","targetHints":{"allow":["GET"]}}],"collection":[{"href":"https:\/\/auxiplast.com\/en\/wp-json\/wp\/v2\/product"}],"about":[{"href":"https:\/\/auxiplast.com\/en\/wp-json\/wp\/v2\/types\/product"}],"replies":[{"embeddable":true,"href":"https:\/\/auxiplast.com\/en\/wp-json\/wp\/v2\/comments?post=1910"}],"wp:featuredmedia":[{"embeddable":true,"href":"https:\/\/auxiplast.com\/en\/wp-json\/wp\/v2\/media\/1914"}],"wp:attachment":[{"href":"https:\/\/auxiplast.com\/en\/wp-json\/wp\/v2\/media?parent=1910"}],"wp:term":[{"taxonomy":"product_brand","embeddable":true,"href":"https:\/\/auxiplast.com\/en\/wp-json\/wp\/v2\/product_brand?post=1910"},{"taxonomy":"product_cat","embeddable":true,"href":"https:\/\/auxiplast.com\/en\/wp-json\/wp\/v2\/product_cat?post=1910"},{"taxonomy":"product_tag","embeddable":true,"href":"https:\/\/auxiplast.com\/en\/wp-json\/wp\/v2\/product_tag?post=1910"}],"curies":[{"name":"wp","href":"https:\/\/api.w.org\/{rel}","templated":true}]}}