{"id":1879,"date":"2022-10-17T13:34:48","date_gmt":"2022-10-17T13:34:48","guid":{"rendered":"https:\/\/auxiplast.com\/?post_type=product&#038;p=1879"},"modified":"2022-11-02T14:58:51","modified_gmt":"2022-11-02T14:58:51","slug":"rheometre-en-ligne-visco-indicateur","status":"publish","type":"product","link":"https:\/\/auxiplast.com\/en\/product\/rheometre-en-ligne-visco-indicateur\/","title":{"rendered":"Rheometer"},"content":{"rendered":"<p>Sp\u00e9cialement con\u00e7u pour l\u2019industrie des r\u00e9sines thermoplastiques, le ViscoIndicator fournit des mesures en continu de l\u2019indice de fluidit\u00e9 \u00e0 chaud, de la viscosit\u00e9 apparente ou de la viscosit\u00e9 intrins\u00e8que directement sur l\u2019extrudeuse.<\/p>\n<p>Le rh\u00e9om\u00e8tre en ligne ViscoIndicator reproduit les conditions de test d\u2019un testeur de d\u00e9bit de fusion (MFR) de laboratoire ou d\u2019un rh\u00e9om\u00e8tre capillaire. Les mesures de viscosit\u00e9 \u00e0 l\u2019\u00e9tat fondu telles que le d\u00e9bit de fusion et la viscosit\u00e9 intrins\u00e8que sont les principales sp\u00e9cifications des r\u00e9sines thermoplastiques. Le MFR et la viscosit\u00e9 \u00e0 l\u2019\u00e9tat fondu sont li\u00e9s aux propri\u00e9t\u00e9s mol\u00e9culaires du polym\u00e8re, de sorte que ces nombres donnent une certaine mesure des propri\u00e9t\u00e9s physiques de leur produit ainsi que de la capacit\u00e9 de traitement du polym\u00e8re. Le ViscoIndicator a une apparence et une sensation qui seront famili\u00e8res \u00e0 la plupart des employ\u00e9s de l\u2019atelier.<\/p>\n<p>&nbsp;<\/p>\n<p>&nbsp;<\/p>","protected":false},"excerpt":{"rendered":"<p>&nbsp;<\/p>\n<p>&nbsp;<\/p>\n<p>&nbsp;<\/p>","protected":false},"featured_media":1880,"comment_status":"open","ping_status":"closed","template":"","meta":[],"product_brand":[],"product_cat":[41],"product_tag":[],"class_list":{"0":"post-1879","1":"product","2":"type-product","3":"status-publish","4":"has-post-thumbnail","6":"product_cat-dynisco","8":"first","9":"instock","10":"taxable","11":"shipping-taxable","12":"product-type-simple"},"yoast_head":"<!-- This site is optimized with the Yoast SEO plugin v27.5 - https:\/\/yoast.com\/product\/yoast-seo-wordpress\/ -->\n<title>RH\u00c9OM\u00c8TRE EN LIGNE &#8212; AuxiPlast - Sp\u00e9cialiste Industrie Plastique<\/title>\n<meta name=\"robots\" content=\"index, follow, max-snippet:-1, max-image-preview:large, max-video-preview:-1\" \/>\n<link rel=\"canonical\" href=\"https:\/\/auxiplast.com\/en\/product\/rheometre-en-ligne-visco-indicateur\/\" \/>\n<meta property=\"og:locale\" content=\"en_US\" \/>\n<meta property=\"og:type\" content=\"article\" \/>\n<meta property=\"og:title\" content=\"RH\u00c9OM\u00c8TRE EN LIGNE &#8212; AuxiPlast - Sp\u00e9cialiste Industrie Plastique\" \/>\n<meta property=\"og:description\" content=\"&nbsp;  &nbsp;  &nbsp;\" \/>\n<meta property=\"og:url\" content=\"https:\/\/auxiplast.com\/en\/product\/rheometre-en-ligne-visco-indicateur\/\" \/>\n<meta property=\"og:site_name\" content=\"AuxiPlast - Sp\u00e9cialiste Industrie Plastique\" \/>\n<meta property=\"article:publisher\" content=\"https:\/\/www.facebook.com\/Auxiplast\" \/>\n<meta property=\"article:modified_time\" content=\"2022-11-02T14:58:51+00:00\" \/>\n<meta property=\"og:image\" content=\"https:\/\/auxiplast.com\/wp-content\/uploads\/2022\/10\/Group-6-22.jpg\" \/>\n\t<meta property=\"og:image:width\" content=\"564\" \/>\n\t<meta property=\"og:image:height\" content=\"564\" \/>\n\t<meta property=\"og:image:type\" content=\"image\/jpeg\" \/>\n<meta name=\"twitter:card\" content=\"summary_large_image\" \/>\n<meta name=\"twitter:label1\" content=\"Est. reading time\" \/>\n\t<meta name=\"twitter:data1\" content=\"1 minute\" \/>\n<script type=\"application\/ld+json\" class=\"yoast-schema-graph\">{\"@context\":\"https:\\\/\\\/schema.org\",\"@graph\":[{\"@type\":\"WebPage\",\"@id\":\"https:\\\/\\\/auxiplast.com\\\/product\\\/rheometre-en-ligne-visco-indicateur\\\/\",\"url\":\"https:\\\/\\\/auxiplast.com\\\/product\\\/rheometre-en-ligne-visco-indicateur\\\/\",\"name\":\"RH\u00c9OM\u00c8TRE EN LIGNE &#8212; AuxiPlast - Sp\u00e9cialiste Industrie Plastique\",\"isPartOf\":{\"@id\":\"https:\\\/\\\/auxiplast.com\\\/#website\"},\"primaryImageOfPage\":{\"@id\":\"https:\\\/\\\/auxiplast.com\\\/product\\\/rheometre-en-ligne-visco-indicateur\\\/#primaryimage\"},\"image\":{\"@id\":\"https:\\\/\\\/auxiplast.com\\\/product\\\/rheometre-en-ligne-visco-indicateur\\\/#primaryimage\"},\"thumbnailUrl\":\"https:\\\/\\\/auxiplast.com\\\/wp-content\\\/uploads\\\/2022\\\/10\\\/Group-6-22.jpg\",\"datePublished\":\"2022-10-17T13:34:48+00:00\",\"dateModified\":\"2022-11-02T14:58:51+00:00\",\"breadcrumb\":{\"@id\":\"https:\\\/\\\/auxiplast.com\\\/product\\\/rheometre-en-ligne-visco-indicateur\\\/#breadcrumb\"},\"inLanguage\":\"en-CA\",\"potentialAction\":[{\"@type\":\"ReadAction\",\"target\":[\"https:\\\/\\\/auxiplast.com\\\/product\\\/rheometre-en-ligne-visco-indicateur\\\/\"]}]},{\"@type\":\"ImageObject\",\"inLanguage\":\"en-CA\",\"@id\":\"https:\\\/\\\/auxiplast.com\\\/product\\\/rheometre-en-ligne-visco-indicateur\\\/#primaryimage\",\"url\":\"https:\\\/\\\/auxiplast.com\\\/wp-content\\\/uploads\\\/2022\\\/10\\\/Group-6-22.jpg\",\"contentUrl\":\"https:\\\/\\\/auxiplast.com\\\/wp-content\\\/uploads\\\/2022\\\/10\\\/Group-6-22.jpg\",\"width\":564,\"height\":564},{\"@type\":\"BreadcrumbList\",\"@id\":\"https:\\\/\\\/auxiplast.com\\\/product\\\/rheometre-en-ligne-visco-indicateur\\\/#breadcrumb\",\"itemListElement\":[{\"@type\":\"ListItem\",\"position\":1,\"name\":\"Accueil\",\"item\":\"https:\\\/\\\/auxiplast.com\\\/\"},{\"@type\":\"ListItem\",\"position\":2,\"name\":\"Boutique\",\"item\":\"https:\\\/\\\/auxiplast.com\\\/boutique\\\/\"},{\"@type\":\"ListItem\",\"position\":3,\"name\":\"RH\u00c9OM\u00c8TRE EN LIGNE\"}]},{\"@type\":\"WebSite\",\"@id\":\"https:\\\/\\\/auxiplast.com\\\/#website\",\"url\":\"https:\\\/\\\/auxiplast.com\\\/\",\"name\":\"Auxiplast - Agent manufacturier Industrie plastique\",\"description\":\"Vente et entretien d&#039;\u00e9quipements, pi\u00e8ces et service pour usine plastique\",\"publisher\":{\"@id\":\"https:\\\/\\\/auxiplast.com\\\/#organization\"},\"potentialAction\":[{\"@type\":\"SearchAction\",\"target\":{\"@type\":\"EntryPoint\",\"urlTemplate\":\"https:\\\/\\\/auxiplast.com\\\/?s={search_term_string}\"},\"query-input\":{\"@type\":\"PropertyValueSpecification\",\"valueRequired\":true,\"valueName\":\"search_term_string\"}}],\"inLanguage\":\"en-CA\"},{\"@type\":\"Organization\",\"@id\":\"https:\\\/\\\/auxiplast.com\\\/#organization\",\"name\":\"Auxiplast - Agent manufacturier Industrie plastique\",\"url\":\"https:\\\/\\\/auxiplast.com\\\/\",\"logo\":{\"@type\":\"ImageObject\",\"inLanguage\":\"en-CA\",\"@id\":\"https:\\\/\\\/auxiplast.com\\\/#\\\/schema\\\/logo\\\/image\\\/\",\"url\":\"https:\\\/\\\/auxiplast.com\\\/wp-content\\\/uploads\\\/2023\\\/02\\\/Logo_Auxiplast_Couleur-scaled.jpg\",\"contentUrl\":\"https:\\\/\\\/auxiplast.com\\\/wp-content\\\/uploads\\\/2023\\\/02\\\/Logo_Auxiplast_Couleur-scaled.jpg\",\"width\":2560,\"height\":1125,\"caption\":\"Auxiplast - Agent manufacturier Industrie plastique\"},\"image\":{\"@id\":\"https:\\\/\\\/auxiplast.com\\\/#\\\/schema\\\/logo\\\/image\\\/\"},\"sameAs\":[\"https:\\\/\\\/www.facebook.com\\\/Auxiplast\",\"https:\\\/\\\/www.linkedin.com\\\/company\\\/auxiplast-inc\",\"https:\\\/\\\/www.youtube.com\\\/@Auxiplast\"]}]}<\/script>\n<!-- \/ Yoast SEO plugin. -->","yoast_head_json":{"title":"RH\u00c9OM\u00c8TRE EN LIGNE &#8212; AuxiPlast - Sp\u00e9cialiste Industrie Plastique","robots":{"index":"index","follow":"follow","max-snippet":"max-snippet:-1","max-image-preview":"max-image-preview:large","max-video-preview":"max-video-preview:-1"},"canonical":"https:\/\/auxiplast.com\/en\/product\/rheometre-en-ligne-visco-indicateur\/","og_locale":"en_US","og_type":"article","og_title":"RH\u00c9OM\u00c8TRE EN LIGNE &#8212; AuxiPlast - Sp\u00e9cialiste Industrie Plastique","og_description":"&nbsp;  &nbsp;  &nbsp;","og_url":"https:\/\/auxiplast.com\/en\/product\/rheometre-en-ligne-visco-indicateur\/","og_site_name":"AuxiPlast - Sp\u00e9cialiste Industrie Plastique","article_publisher":"https:\/\/www.facebook.com\/Auxiplast","article_modified_time":"2022-11-02T14:58:51+00:00","og_image":[{"width":564,"height":564,"url":"https:\/\/auxiplast.com\/wp-content\/uploads\/2022\/10\/Group-6-22.jpg","type":"image\/jpeg"}],"twitter_card":"summary_large_image","twitter_misc":{"Est. reading time":"1 minute"},"schema":{"@context":"https:\/\/schema.org","@graph":[{"@type":"WebPage","@id":"https:\/\/auxiplast.com\/product\/rheometre-en-ligne-visco-indicateur\/","url":"https:\/\/auxiplast.com\/product\/rheometre-en-ligne-visco-indicateur\/","name":"RH\u00c9OM\u00c8TRE EN LIGNE &#8212; AuxiPlast - Sp\u00e9cialiste Industrie Plastique","isPartOf":{"@id":"https:\/\/auxiplast.com\/#website"},"primaryImageOfPage":{"@id":"https:\/\/auxiplast.com\/product\/rheometre-en-ligne-visco-indicateur\/#primaryimage"},"image":{"@id":"https:\/\/auxiplast.com\/product\/rheometre-en-ligne-visco-indicateur\/#primaryimage"},"thumbnailUrl":"https:\/\/auxiplast.com\/wp-content\/uploads\/2022\/10\/Group-6-22.jpg","datePublished":"2022-10-17T13:34:48+00:00","dateModified":"2022-11-02T14:58:51+00:00","breadcrumb":{"@id":"https:\/\/auxiplast.com\/product\/rheometre-en-ligne-visco-indicateur\/#breadcrumb"},"inLanguage":"en-CA","potentialAction":[{"@type":"ReadAction","target":["https:\/\/auxiplast.com\/product\/rheometre-en-ligne-visco-indicateur\/"]}]},{"@type":"ImageObject","inLanguage":"en-CA","@id":"https:\/\/auxiplast.com\/product\/rheometre-en-ligne-visco-indicateur\/#primaryimage","url":"https:\/\/auxiplast.com\/wp-content\/uploads\/2022\/10\/Group-6-22.jpg","contentUrl":"https:\/\/auxiplast.com\/wp-content\/uploads\/2022\/10\/Group-6-22.jpg","width":564,"height":564},{"@type":"BreadcrumbList","@id":"https:\/\/auxiplast.com\/product\/rheometre-en-ligne-visco-indicateur\/#breadcrumb","itemListElement":[{"@type":"ListItem","position":1,"name":"Accueil","item":"https:\/\/auxiplast.com\/"},{"@type":"ListItem","position":2,"name":"Boutique","item":"https:\/\/auxiplast.com\/boutique\/"},{"@type":"ListItem","position":3,"name":"RH\u00c9OM\u00c8TRE EN LIGNE"}]},{"@type":"WebSite","@id":"https:\/\/auxiplast.com\/#website","url":"https:\/\/auxiplast.com\/","name":"Auxiplast - Agent manufacturier Industrie plastique","description":"Vente et entretien d&#039;\u00e9quipements, pi\u00e8ces et service pour usine plastique","publisher":{"@id":"https:\/\/auxiplast.com\/#organization"},"potentialAction":[{"@type":"SearchAction","target":{"@type":"EntryPoint","urlTemplate":"https:\/\/auxiplast.com\/?s={search_term_string}"},"query-input":{"@type":"PropertyValueSpecification","valueRequired":true,"valueName":"search_term_string"}}],"inLanguage":"en-CA"},{"@type":"Organization","@id":"https:\/\/auxiplast.com\/#organization","name":"Auxiplast - Agent manufacturier Industrie plastique","url":"https:\/\/auxiplast.com\/","logo":{"@type":"ImageObject","inLanguage":"en-CA","@id":"https:\/\/auxiplast.com\/#\/schema\/logo\/image\/","url":"https:\/\/auxiplast.com\/wp-content\/uploads\/2023\/02\/Logo_Auxiplast_Couleur-scaled.jpg","contentUrl":"https:\/\/auxiplast.com\/wp-content\/uploads\/2023\/02\/Logo_Auxiplast_Couleur-scaled.jpg","width":2560,"height":1125,"caption":"Auxiplast - Agent manufacturier Industrie plastique"},"image":{"@id":"https:\/\/auxiplast.com\/#\/schema\/logo\/image\/"},"sameAs":["https:\/\/www.facebook.com\/Auxiplast","https:\/\/www.linkedin.com\/company\/auxiplast-inc","https:\/\/www.youtube.com\/@Auxiplast"]}]}},"_links":{"self":[{"href":"https:\/\/auxiplast.com\/en\/wp-json\/wp\/v2\/product\/1879","targetHints":{"allow":["GET"]}}],"collection":[{"href":"https:\/\/auxiplast.com\/en\/wp-json\/wp\/v2\/product"}],"about":[{"href":"https:\/\/auxiplast.com\/en\/wp-json\/wp\/v2\/types\/product"}],"replies":[{"embeddable":true,"href":"https:\/\/auxiplast.com\/en\/wp-json\/wp\/v2\/comments?post=1879"}],"wp:featuredmedia":[{"embeddable":true,"href":"https:\/\/auxiplast.com\/en\/wp-json\/wp\/v2\/media\/1880"}],"wp:attachment":[{"href":"https:\/\/auxiplast.com\/en\/wp-json\/wp\/v2\/media?parent=1879"}],"wp:term":[{"taxonomy":"product_brand","embeddable":true,"href":"https:\/\/auxiplast.com\/en\/wp-json\/wp\/v2\/product_brand?post=1879"},{"taxonomy":"product_cat","embeddable":true,"href":"https:\/\/auxiplast.com\/en\/wp-json\/wp\/v2\/product_cat?post=1879"},{"taxonomy":"product_tag","embeddable":true,"href":"https:\/\/auxiplast.com\/en\/wp-json\/wp\/v2\/product_tag?post=1879"}],"curies":[{"name":"wp","href":"https:\/\/api.w.org\/{rel}","templated":true}]}}