{"id":1113,"date":"2022-08-29T20:21:30","date_gmt":"2022-08-29T20:21:30","guid":{"rendered":"https:\/\/auxiplast.com\/?post_type=product&#038;p=1113"},"modified":"2022-08-29T20:21:48","modified_gmt":"2022-08-29T20:21:48","slug":"systeme-de-protection-de-moules-par-camera","status":"publish","type":"product","link":"https:\/\/auxiplast.com\/en\/product\/systeme-de-protection-de-moules-par-camera\/","title":{"rendered":"Mould protection system by camera"},"content":{"rendered":"<p>&nbsp;<\/p>\n<p>&nbsp;<\/p>\n<p>&nbsp;<\/p>","protected":false},"excerpt":{"rendered":"<p>&nbsp;<\/p>\n<p>&nbsp;<\/p>\n<p>&nbsp;<\/p>","protected":false},"featured_media":1114,"comment_status":"open","ping_status":"closed","template":"","meta":[],"product_brand":[],"product_cat":[36],"product_tag":[],"class_list":{"0":"post-1113","1":"product","2":"type-product","3":"status-publish","4":"has-post-thumbnail","6":"product_cat-avalon","8":"first","9":"instock","10":"taxable","11":"shipping-taxable","12":"product-type-simple"},"yoast_head":"<!-- This site is optimized with the Yoast SEO plugin v27.5 - https:\/\/yoast.com\/product\/yoast-seo-wordpress\/ -->\n<title>Syst\u00e8me de protection de moules par cam\u00e9ra &#8212; AuxiPlast - Sp\u00e9cialiste Industrie Plastique<\/title>\n<meta name=\"robots\" content=\"index, follow, max-snippet:-1, max-image-preview:large, max-video-preview:-1\" \/>\n<link rel=\"canonical\" href=\"https:\/\/auxiplast.com\/en\/product\/systeme-de-protection-de-moules-par-camera\/\" \/>\n<meta property=\"og:locale\" content=\"en_US\" \/>\n<meta property=\"og:type\" content=\"article\" \/>\n<meta property=\"og:title\" content=\"Syst\u00e8me de protection de moules par cam\u00e9ra &#8212; AuxiPlast - Sp\u00e9cialiste Industrie Plastique\" \/>\n<meta property=\"og:description\" content=\"&nbsp;  &nbsp;  &nbsp;\" \/>\n<meta property=\"og:url\" content=\"https:\/\/auxiplast.com\/en\/product\/systeme-de-protection-de-moules-par-camera\/\" \/>\n<meta property=\"og:site_name\" content=\"AuxiPlast - Sp\u00e9cialiste Industrie Plastique\" \/>\n<meta property=\"article:publisher\" content=\"https:\/\/www.facebook.com\/Auxiplast\" \/>\n<meta property=\"article:modified_time\" content=\"2022-08-29T20:21:48+00:00\" \/>\n<meta property=\"og:image\" content=\"https:\/\/auxiplast.com\/wp-content\/uploads\/2022\/08\/Group-24-2-min.jpg\" \/>\n\t<meta property=\"og:image:width\" content=\"1020\" \/>\n\t<meta property=\"og:image:height\" content=\"792\" \/>\n\t<meta property=\"og:image:type\" content=\"image\/jpeg\" \/>\n<meta name=\"twitter:card\" content=\"summary_large_image\" \/>\n<script type=\"application\/ld+json\" class=\"yoast-schema-graph\">{\"@context\":\"https:\\\/\\\/schema.org\",\"@graph\":[{\"@type\":\"WebPage\",\"@id\":\"https:\\\/\\\/auxiplast.com\\\/product\\\/systeme-de-protection-de-moules-par-camera\\\/\",\"url\":\"https:\\\/\\\/auxiplast.com\\\/product\\\/systeme-de-protection-de-moules-par-camera\\\/\",\"name\":\"Syst\u00e8me de protection de moules par cam\u00e9ra &#8212; AuxiPlast - Sp\u00e9cialiste Industrie Plastique\",\"isPartOf\":{\"@id\":\"https:\\\/\\\/auxiplast.com\\\/#website\"},\"primaryImageOfPage\":{\"@id\":\"https:\\\/\\\/auxiplast.com\\\/product\\\/systeme-de-protection-de-moules-par-camera\\\/#primaryimage\"},\"image\":{\"@id\":\"https:\\\/\\\/auxiplast.com\\\/product\\\/systeme-de-protection-de-moules-par-camera\\\/#primaryimage\"},\"thumbnailUrl\":\"https:\\\/\\\/auxiplast.com\\\/wp-content\\\/uploads\\\/2022\\\/08\\\/Group-24-2-min.jpg\",\"datePublished\":\"2022-08-29T20:21:30+00:00\",\"dateModified\":\"2022-08-29T20:21:48+00:00\",\"breadcrumb\":{\"@id\":\"https:\\\/\\\/auxiplast.com\\\/product\\\/systeme-de-protection-de-moules-par-camera\\\/#breadcrumb\"},\"inLanguage\":\"en-CA\",\"potentialAction\":[{\"@type\":\"ReadAction\",\"target\":[\"https:\\\/\\\/auxiplast.com\\\/product\\\/systeme-de-protection-de-moules-par-camera\\\/\"]}]},{\"@type\":\"ImageObject\",\"inLanguage\":\"en-CA\",\"@id\":\"https:\\\/\\\/auxiplast.com\\\/product\\\/systeme-de-protection-de-moules-par-camera\\\/#primaryimage\",\"url\":\"https:\\\/\\\/auxiplast.com\\\/wp-content\\\/uploads\\\/2022\\\/08\\\/Group-24-2-min.jpg\",\"contentUrl\":\"https:\\\/\\\/auxiplast.com\\\/wp-content\\\/uploads\\\/2022\\\/08\\\/Group-24-2-min.jpg\",\"width\":1020,\"height\":792},{\"@type\":\"BreadcrumbList\",\"@id\":\"https:\\\/\\\/auxiplast.com\\\/product\\\/systeme-de-protection-de-moules-par-camera\\\/#breadcrumb\",\"itemListElement\":[{\"@type\":\"ListItem\",\"position\":1,\"name\":\"Accueil\",\"item\":\"https:\\\/\\\/auxiplast.com\\\/\"},{\"@type\":\"ListItem\",\"position\":2,\"name\":\"Boutique\",\"item\":\"https:\\\/\\\/auxiplast.com\\\/boutique\\\/\"},{\"@type\":\"ListItem\",\"position\":3,\"name\":\"Syst\u00e8me de protection de moules par cam\u00e9ra\"}]},{\"@type\":\"WebSite\",\"@id\":\"https:\\\/\\\/auxiplast.com\\\/#website\",\"url\":\"https:\\\/\\\/auxiplast.com\\\/\",\"name\":\"Auxiplast - Agent manufacturier Industrie plastique\",\"description\":\"Vente et entretien d&#039;\u00e9quipements, pi\u00e8ces et service pour usine plastique\",\"publisher\":{\"@id\":\"https:\\\/\\\/auxiplast.com\\\/#organization\"},\"potentialAction\":[{\"@type\":\"SearchAction\",\"target\":{\"@type\":\"EntryPoint\",\"urlTemplate\":\"https:\\\/\\\/auxiplast.com\\\/?s={search_term_string}\"},\"query-input\":{\"@type\":\"PropertyValueSpecification\",\"valueRequired\":true,\"valueName\":\"search_term_string\"}}],\"inLanguage\":\"en-CA\"},{\"@type\":\"Organization\",\"@id\":\"https:\\\/\\\/auxiplast.com\\\/#organization\",\"name\":\"Auxiplast - Agent manufacturier Industrie plastique\",\"url\":\"https:\\\/\\\/auxiplast.com\\\/\",\"logo\":{\"@type\":\"ImageObject\",\"inLanguage\":\"en-CA\",\"@id\":\"https:\\\/\\\/auxiplast.com\\\/#\\\/schema\\\/logo\\\/image\\\/\",\"url\":\"https:\\\/\\\/auxiplast.com\\\/wp-content\\\/uploads\\\/2023\\\/02\\\/Logo_Auxiplast_Couleur-scaled.jpg\",\"contentUrl\":\"https:\\\/\\\/auxiplast.com\\\/wp-content\\\/uploads\\\/2023\\\/02\\\/Logo_Auxiplast_Couleur-scaled.jpg\",\"width\":2560,\"height\":1125,\"caption\":\"Auxiplast - Agent manufacturier Industrie plastique\"},\"image\":{\"@id\":\"https:\\\/\\\/auxiplast.com\\\/#\\\/schema\\\/logo\\\/image\\\/\"},\"sameAs\":[\"https:\\\/\\\/www.facebook.com\\\/Auxiplast\",\"https:\\\/\\\/www.linkedin.com\\\/company\\\/auxiplast-inc\",\"https:\\\/\\\/www.youtube.com\\\/@Auxiplast\"]}]}<\/script>\n<!-- \/ Yoast SEO plugin. -->","yoast_head_json":{"title":"Syst\u00e8me de protection de moules par cam\u00e9ra &#8212; AuxiPlast - Sp\u00e9cialiste Industrie Plastique","robots":{"index":"index","follow":"follow","max-snippet":"max-snippet:-1","max-image-preview":"max-image-preview:large","max-video-preview":"max-video-preview:-1"},"canonical":"https:\/\/auxiplast.com\/en\/product\/systeme-de-protection-de-moules-par-camera\/","og_locale":"en_US","og_type":"article","og_title":"Syst\u00e8me de protection de moules par cam\u00e9ra &#8212; AuxiPlast - Sp\u00e9cialiste Industrie Plastique","og_description":"&nbsp;  &nbsp;  &nbsp;","og_url":"https:\/\/auxiplast.com\/en\/product\/systeme-de-protection-de-moules-par-camera\/","og_site_name":"AuxiPlast - Sp\u00e9cialiste Industrie Plastique","article_publisher":"https:\/\/www.facebook.com\/Auxiplast","article_modified_time":"2022-08-29T20:21:48+00:00","og_image":[{"width":1020,"height":792,"url":"https:\/\/auxiplast.com\/wp-content\/uploads\/2022\/08\/Group-24-2-min.jpg","type":"image\/jpeg"}],"twitter_card":"summary_large_image","schema":{"@context":"https:\/\/schema.org","@graph":[{"@type":"WebPage","@id":"https:\/\/auxiplast.com\/product\/systeme-de-protection-de-moules-par-camera\/","url":"https:\/\/auxiplast.com\/product\/systeme-de-protection-de-moules-par-camera\/","name":"Syst\u00e8me de protection de moules par cam\u00e9ra &#8212; AuxiPlast - Sp\u00e9cialiste Industrie Plastique","isPartOf":{"@id":"https:\/\/auxiplast.com\/#website"},"primaryImageOfPage":{"@id":"https:\/\/auxiplast.com\/product\/systeme-de-protection-de-moules-par-camera\/#primaryimage"},"image":{"@id":"https:\/\/auxiplast.com\/product\/systeme-de-protection-de-moules-par-camera\/#primaryimage"},"thumbnailUrl":"https:\/\/auxiplast.com\/wp-content\/uploads\/2022\/08\/Group-24-2-min.jpg","datePublished":"2022-08-29T20:21:30+00:00","dateModified":"2022-08-29T20:21:48+00:00","breadcrumb":{"@id":"https:\/\/auxiplast.com\/product\/systeme-de-protection-de-moules-par-camera\/#breadcrumb"},"inLanguage":"en-CA","potentialAction":[{"@type":"ReadAction","target":["https:\/\/auxiplast.com\/product\/systeme-de-protection-de-moules-par-camera\/"]}]},{"@type":"ImageObject","inLanguage":"en-CA","@id":"https:\/\/auxiplast.com\/product\/systeme-de-protection-de-moules-par-camera\/#primaryimage","url":"https:\/\/auxiplast.com\/wp-content\/uploads\/2022\/08\/Group-24-2-min.jpg","contentUrl":"https:\/\/auxiplast.com\/wp-content\/uploads\/2022\/08\/Group-24-2-min.jpg","width":1020,"height":792},{"@type":"BreadcrumbList","@id":"https:\/\/auxiplast.com\/product\/systeme-de-protection-de-moules-par-camera\/#breadcrumb","itemListElement":[{"@type":"ListItem","position":1,"name":"Accueil","item":"https:\/\/auxiplast.com\/"},{"@type":"ListItem","position":2,"name":"Boutique","item":"https:\/\/auxiplast.com\/boutique\/"},{"@type":"ListItem","position":3,"name":"Syst\u00e8me de protection de moules par cam\u00e9ra"}]},{"@type":"WebSite","@id":"https:\/\/auxiplast.com\/#website","url":"https:\/\/auxiplast.com\/","name":"Auxiplast - Agent manufacturier Industrie plastique","description":"Vente et entretien d&#039;\u00e9quipements, pi\u00e8ces et service pour usine plastique","publisher":{"@id":"https:\/\/auxiplast.com\/#organization"},"potentialAction":[{"@type":"SearchAction","target":{"@type":"EntryPoint","urlTemplate":"https:\/\/auxiplast.com\/?s={search_term_string}"},"query-input":{"@type":"PropertyValueSpecification","valueRequired":true,"valueName":"search_term_string"}}],"inLanguage":"en-CA"},{"@type":"Organization","@id":"https:\/\/auxiplast.com\/#organization","name":"Auxiplast - Agent manufacturier Industrie plastique","url":"https:\/\/auxiplast.com\/","logo":{"@type":"ImageObject","inLanguage":"en-CA","@id":"https:\/\/auxiplast.com\/#\/schema\/logo\/image\/","url":"https:\/\/auxiplast.com\/wp-content\/uploads\/2023\/02\/Logo_Auxiplast_Couleur-scaled.jpg","contentUrl":"https:\/\/auxiplast.com\/wp-content\/uploads\/2023\/02\/Logo_Auxiplast_Couleur-scaled.jpg","width":2560,"height":1125,"caption":"Auxiplast - Agent manufacturier Industrie plastique"},"image":{"@id":"https:\/\/auxiplast.com\/#\/schema\/logo\/image\/"},"sameAs":["https:\/\/www.facebook.com\/Auxiplast","https:\/\/www.linkedin.com\/company\/auxiplast-inc","https:\/\/www.youtube.com\/@Auxiplast"]}]}},"_links":{"self":[{"href":"https:\/\/auxiplast.com\/en\/wp-json\/wp\/v2\/product\/1113","targetHints":{"allow":["GET"]}}],"collection":[{"href":"https:\/\/auxiplast.com\/en\/wp-json\/wp\/v2\/product"}],"about":[{"href":"https:\/\/auxiplast.com\/en\/wp-json\/wp\/v2\/types\/product"}],"replies":[{"embeddable":true,"href":"https:\/\/auxiplast.com\/en\/wp-json\/wp\/v2\/comments?post=1113"}],"wp:featuredmedia":[{"embeddable":true,"href":"https:\/\/auxiplast.com\/en\/wp-json\/wp\/v2\/media\/1114"}],"wp:attachment":[{"href":"https:\/\/auxiplast.com\/en\/wp-json\/wp\/v2\/media?parent=1113"}],"wp:term":[{"taxonomy":"product_brand","embeddable":true,"href":"https:\/\/auxiplast.com\/en\/wp-json\/wp\/v2\/product_brand?post=1113"},{"taxonomy":"product_cat","embeddable":true,"href":"https:\/\/auxiplast.com\/en\/wp-json\/wp\/v2\/product_cat?post=1113"},{"taxonomy":"product_tag","embeddable":true,"href":"https:\/\/auxiplast.com\/en\/wp-json\/wp\/v2\/product_tag?post=1113"}],"curies":[{"name":"wp","href":"https:\/\/api.w.org\/{rel}","templated":true}]}}